{"id":238,"date":"2020-11-18T23:18:42","date_gmt":"2020-11-18T22:18:42","guid":{"rendered":"https:\/\/concordiagouda.nl\/?page_id=238"},"modified":"2020-12-04T17:29:25","modified_gmt":"2020-12-04T16:29:25","slug":"privacy","status":"publish","type":"page","link":"https:\/\/concordiagouda.nl\/index.php\/privacy\/","title":{"rendered":"Privacyverklaring"},"content":{"rendered":"\n<p class=\"wp-block-paragraph\" style=\"font-size:30px\"><strong>Privacyverklaring<\/strong><\/p>\n\n\n\n<p class=\"wp-block-paragraph\">U kunt deze website bezoeken zonder ons mee te delen wie u bent of enige informatie over uzelf te verschaffen. Er zijn echter situaties waarbij wij informatie van u nodig hebben om bijvoorbeeld met u te corresponderen, een reservering te plaatsen dan wel een inschrijving te verwezenlijken. Wij streven ernaar u dat te allen tijde te laten weten voordat wij persoonlijke informatie via internet verzamelen.<\/p>\n\n\n\n<p class=\"wp-block-paragraph\">(persoons)gegevens worden niet aan derden verkocht of ter beschikking gesteld. Dit behoudens speciale omstandigheden, bijvoorbeeld indien wettelijk vereist. Tevens kunt u op ieder gewenst moment verzoeken uw gegevens uit onze bestanden te laten verwijderen in gevallen waar de gegevens individueel te herleiden vallen.<\/p>\n\n\n\n<p class=\"wp-block-paragraph\">Uitsluiting van aansprakelijkheid<\/p>\n\n\n\n<p class=\"wp-block-paragraph\">Alle informatie op deze site is bedoeld voor persoonlijk gebruik. Aan de informatie kunnen geen rechten worden ontleend. Wijzigingen en typefouten worden voorbehouden. Wij spannen ons in om de informatie op deze site zo volledig en nauwkeurig mogelijk te laten zijn.<\/p>\n\n\n\n<p class=\"wp-block-paragraph\">Soci\u00ebteit Concordia aanvaardt geen enkele verantwoordelijkheid voor schade op welke manier dan ook ontstaan door gebruik, onvolledigheid of onjuistheid van de aangeboden informatie op deze website.<\/p>\n\n\n\n<p class=\"wp-block-paragraph\">Beschikbaarheid<\/p>\n\n\n\n<p class=\"wp-block-paragraph\">De informatie en aanbevelingen op deze website kunnen zonder voorafgaande waarschuwing of kennisgeving worden gewijzigd. Wij spannen ons in om deze webpagina\u2019s zo veel mogelijk beschikbaar te stellen, maar wij aanvaarden geen enkele aansprakelijkheid voor eventuele gevolgen van (tijdelijke) niet-beschikbaarheid.<\/p>\n\n\n\n<p class=\"wp-block-paragraph\">Auteursrechten en intellectuele eigendomsrechten.<\/p>\n\n\n\n<p class=\"wp-block-paragraph\">Het auteursrecht op deze website berust bij Soci\u00ebteit Concordia of bij derden welke met toestemming dit (beeld)materiaal beschikbaar hebben gesteld aan Soci\u00ebteit Concordia. Vermenigvuldiging in wat voor vorm dan ook is alleen toegestaan na voorafgaande toestemming door Soci\u00ebteit Concordia.<\/p>\n","protected":false},"excerpt":{"rendered":"<p>Privacyverklaring U kunt deze website bezoeken zonder ons mee te delen wie u bent of enige informatie over uzelf te verschaffen. Er zijn echter situaties waarbij wij informatie van u nodig hebben om bijvoorbeeld met u te corresponderen, een reservering te plaatsen dan wel een inschrijving te verwezenlijken. Wij streven ernaar u dat te allen [&hellip;]<\/p>\n","protected":false},"author":3,"featured_media":0,"parent":0,"menu_order":0,"comment_status":"closed","ping_status":"closed","template":"","meta":{"_crdt_document":"","footnotes":""},"class_list":["post-238","page","type-page","status-publish","hentry"],"_links":{"self":[{"href":"https:\/\/concordiagouda.nl\/index.php\/wp-json\/wp\/v2\/pages\/238","targetHints":{"allow":["GET"]}}],"collection":[{"href":"https:\/\/concordiagouda.nl\/index.php\/wp-json\/wp\/v2\/pages"}],"about":[{"href":"https:\/\/concordiagouda.nl\/index.php\/wp-json\/wp\/v2\/types\/page"}],"author":[{"embeddable":true,"href":"https:\/\/concordiagouda.nl\/index.php\/wp-json\/wp\/v2\/users\/3"}],"replies":[{"embeddable":true,"href":"https:\/\/concordiagouda.nl\/index.php\/wp-json\/wp\/v2\/comments?post=238"}],"version-history":[{"count":4,"href":"https:\/\/concordiagouda.nl\/index.php\/wp-json\/wp\/v2\/pages\/238\/revisions"}],"predecessor-version":[{"id":336,"href":"https:\/\/concordiagouda.nl\/index.php\/wp-json\/wp\/v2\/pages\/238\/revisions\/336"}],"wp:attachment":[{"href":"https:\/\/concordiagouda.nl\/index.php\/wp-json\/wp\/v2\/media?parent=238"}],"curies":[{"name":"wp","href":"https:\/\/api.w.org\/{rel}","templated":true}]}}