{"id":233,"date":"2020-11-17T20:46:20","date_gmt":"2020-11-17T19:46:20","guid":{"rendered":"https:\/\/concordiagouda.nl\/?page_id=233"},"modified":"2020-11-28T12:16:40","modified_gmt":"2020-11-28T11:16:40","slug":"societeit-concordia","status":"publish","type":"page","link":"https:\/\/concordiagouda.nl\/index.php\/societeit-concordia\/","title":{"rendered":"Wie zijn wij?"},"content":{"rendered":"\n<div class=\"wp-block-media-text alignwide is-stacked-on-mobile\"><figure class=\"wp-block-media-text__media\"><img loading=\"lazy\" decoding=\"async\" width=\"727\" height=\"1024\" src=\"https:\/\/concordiagouda.nl\/wp-content\/uploads\/2020\/11\/erepenningA4marmer-727x1024.jpg\" alt=\"\" class=\"wp-image-234\" srcset=\"https:\/\/concordiagouda.nl\/wp-content\/uploads\/2020\/11\/erepenningA4marmer-727x1024.jpg 727w, https:\/\/concordiagouda.nl\/wp-content\/uploads\/2020\/11\/erepenningA4marmer-213x300.jpg 213w, https:\/\/concordiagouda.nl\/wp-content\/uploads\/2020\/11\/erepenningA4marmer-768x1082.jpg 768w, https:\/\/concordiagouda.nl\/wp-content\/uploads\/2020\/11\/erepenningA4marmer-1090x1536.jpg 1090w, https:\/\/concordiagouda.nl\/wp-content\/uploads\/2020\/11\/erepenningA4marmer-1453x2048.jpg 1453w, https:\/\/concordiagouda.nl\/wp-content\/uploads\/2020\/11\/erepenningA4marmer-scaled.jpg 1816w\" sizes=\"auto, (max-width: 727px) 100vw, 727px\" \/><\/figure><div class=\"wp-block-media-text__content\">\n<p class=\"has-drop-cap has-small-font-size wp-block-paragraph\">Soci\u00ebteit Concordia voorheen de Rooms Katholieke leesvereniging bereikte in 2020 haar 150-jarig bestaan. Soci\u00ebteit Concordia is al sinds 1870 een plek voor ontmoeting. De oorsprong van de Soci\u00ebteit ligt bij de Zouaven broederschap. Zouaven waren vrijwilligers die de paus verdedigden tegen de Italiaanse nationalisten. Ook uit Gouda waren jongeren naar Itali\u00eb afgereisd om de paus te verdedigen. Zij kwamen in 1870 terug nadat de paus zich had terug getrokken in het Vaticaan. De Zouaven broederschap was voor hen een&nbsp; plek om elkaar te ontmoeten. Na 1870 hield de broederschap zich in Gouda bezig met sociale bijstand en onderricht door het beschikbaar stellen van boeken en overige literatuur. De naam veranderde naar Rooms Katholieke Leesvereniging. De Leesvereniging werd een ontmoetingsplek voor katholieken. Naast debat was er ruimte voor vertier. De Leesvereniging werd Soci\u00ebteit Concordia. De leden konden daar terecht voor onder meer toneel- en muziekvoorstellingen en dansavonden. In de jaren tachtig en negentig van de vorige eeuw organiseerde Stichting Welzijn activiteiten voor ouderen in Concordia. Heden telt Soci\u00ebteit Concordia 160 leden die met elkaar het gebouw onderhouden en activiteiten organiseren. Ter gelegenheid van het 150-jarig bestaan werd op 11 januari 2020 aan de Soci\u00ebteit de Koninklijke Erepenning verleend.<\/p>\n<\/div><\/div>\n","protected":false},"excerpt":{"rendered":"<p>Soci\u00ebteit Concordia voorheen de Rooms Katholieke leesvereniging bereikte in 2020 haar 150-jarig bestaan. Soci\u00ebteit Concordia is al sinds 1870 een plek voor ontmoeting. De oorsprong van de Soci\u00ebteit ligt bij de Zouaven broederschap. Zouaven waren vrijwilligers die de paus verdedigden tegen de Italiaanse nationalisten. Ook uit Gouda waren jongeren naar Itali\u00eb afgereisd om de paus [&hellip;]<\/p>\n","protected":false},"author":3,"featured_media":0,"parent":0,"menu_order":0,"comment_status":"closed","ping_status":"closed","template":"","meta":{"_crdt_document":"","footnotes":""},"class_list":["post-233","page","type-page","status-publish","hentry"],"_links":{"self":[{"href":"https:\/\/concordiagouda.nl\/index.php\/wp-json\/wp\/v2\/pages\/233","targetHints":{"allow":["GET"]}}],"collection":[{"href":"https:\/\/concordiagouda.nl\/index.php\/wp-json\/wp\/v2\/pages"}],"about":[{"href":"https:\/\/concordiagouda.nl\/index.php\/wp-json\/wp\/v2\/types\/page"}],"author":[{"embeddable":true,"href":"https:\/\/concordiagouda.nl\/index.php\/wp-json\/wp\/v2\/users\/3"}],"replies":[{"embeddable":true,"href":"https:\/\/concordiagouda.nl\/index.php\/wp-json\/wp\/v2\/comments?post=233"}],"version-history":[{"count":5,"href":"https:\/\/concordiagouda.nl\/index.php\/wp-json\/wp\/v2\/pages\/233\/revisions"}],"predecessor-version":[{"id":271,"href":"https:\/\/concordiagouda.nl\/index.php\/wp-json\/wp\/v2\/pages\/233\/revisions\/271"}],"wp:attachment":[{"href":"https:\/\/concordiagouda.nl\/index.php\/wp-json\/wp\/v2\/media?parent=233"}],"curies":[{"name":"wp","href":"https:\/\/api.w.org\/{rel}","templated":true}]}}